{"id":15,"date":"2019-07-08T12:35:37","date_gmt":"2019-07-08T15:35:37","guid":{"rendered":"http:\/\/localhost:8000\/?page_id=15"},"modified":"2025-02-19T09:44:19","modified_gmt":"2025-02-19T12:44:19","slug":"comissoes","status":"publish","type":"page","link":"https:\/\/camarapimenta.com.br\/index.php\/comissoes\/","title":{"rendered":"Comiss\u00f5es Permanentes 2025"},"content":{"rendered":"<table class=\"table font-medium pt-4\" style=\"height: 252px;\" width=\"892\">\n<tbody>\n<tr>\n<th style=\"vertical-align: middle;\" scope=\"row\">LEGISLA\u00c7\u00c3O, JUSTI\u00c7A E REDA\u00c7\u00c3O<\/th>\n<td><strong>PRESIDENTE: THAMYRES CAROLINE COSTA<\/strong><\/p>\n<p><strong>VICE &#8211; PRESIDENTE: S\u00cdLVIO ALVES DE OLIVEIRA<\/strong><\/p>\n<p><strong>RELATOR: BRENO FIRMINO SILVA MIRANDA<\/strong><\/p>\n<p><strong>SUPLENTE: GERALDO MAGELA DE OLIVIRA<\/strong><\/td>\n<\/tr>\n<tr>\n<th style=\"vertical-align: middle;\" scope=\"row\">FISCALIZA\u00c7\u00c3O FINANCEIRA E OR\u00c7AMENT\u00c1RIA<\/th>\n<td style=\"vertical-align: middle;\"><strong>PRESIDENTE: EDSON DOS SANTOS<\/strong><\/p>\n<p><strong>VICE \u2013 PRESIDENTE: GERALDO MAGELA DE OLIVEIRA<\/strong><\/p>\n<p><strong>RELATOR: \u00a0ADEGMAR PAULA DA SILVA<\/strong><strong>\u00a0 \u00a0 \u00a0 \u00a0 \u00a0 \u00a0 \u00a0 \u00a0 \u00a0 \u00a0 \u00a0 \u00a0 \u00a0 \u00a0 \u00a0 \u00a0<\/strong><\/p>\n<p><strong>SUPLENTE: BRENO FIRMINO SILVA MIRANDA<\/strong><\/td>\n<\/tr>\n<tr>\n<th style=\"vertical-align: middle;\" scope=\"row\">SERVI\u00c7O P\u00daBLICO MUNICIPAL<\/th>\n<td style=\"vertical-align: middle;\"><strong>PRESIDENTE: ROSILENE IN\u00c1CIO DE OLIVEIRA<\/strong><\/p>\n<p><strong>VICE \u2013 PRESIDENTE: THAMYRES CAROLINE COSTA <\/strong><\/p>\n<p><strong>RELATOR: SEBASTI\u00c3O SEABRA DE OLIVEIRA<\/strong><\/p>\n<p><strong>SUPLENTE: EDSON DOS SANTOS<\/strong><\/td>\n<\/tr>\n<\/tbody>\n<\/table>\n","protected":false},"excerpt":{"rendered":"<p>LEGISLA\u00c7\u00c3O, JUSTI\u00c7A E REDA\u00c7\u00c3O PRESIDENTE: THAMYRES CAROLINE COSTA VICE &#8211; PRESIDENTE: S\u00cdLVIO ALVES DE OLIVEIRA [&hellip;]<\/p>\n","protected":false},"author":3,"featured_media":0,"parent":0,"menu_order":0,"comment_status":"closed","ping_status":"closed","template":"","meta":{"footnotes":""},"class_list":["post-15","page","type-page","status-publish","hentry"],"_links":{"self":[{"href":"https:\/\/camarapimenta.com.br\/index.php\/wp-json\/wp\/v2\/pages\/15","targetHints":{"allow":["GET"]}}],"collection":[{"href":"https:\/\/camarapimenta.com.br\/index.php\/wp-json\/wp\/v2\/pages"}],"about":[{"href":"https:\/\/camarapimenta.com.br\/index.php\/wp-json\/wp\/v2\/types\/page"}],"author":[{"embeddable":true,"href":"https:\/\/camarapimenta.com.br\/index.php\/wp-json\/wp\/v2\/users\/3"}],"replies":[{"embeddable":true,"href":"https:\/\/camarapimenta.com.br\/index.php\/wp-json\/wp\/v2\/comments?post=15"}],"version-history":[{"count":10,"href":"https:\/\/camarapimenta.com.br\/index.php\/wp-json\/wp\/v2\/pages\/15\/revisions"}],"predecessor-version":[{"id":1290,"href":"https:\/\/camarapimenta.com.br\/index.php\/wp-json\/wp\/v2\/pages\/15\/revisions\/1290"}],"wp:attachment":[{"href":"https:\/\/camarapimenta.com.br\/index.php\/wp-json\/wp\/v2\/media?parent=15"}],"curies":[{"name":"wp","href":"https:\/\/api.w.org\/{rel}","templated":true}]}}